{"id":6963,"date":"2024-12-07T11:57:00","date_gmt":"2024-12-07T11:57:00","guid":{"rendered":"https:\/\/www.jiaxuescale.com\/gizlilik-politikasi\/"},"modified":"2025-04-12T09:59:22","modified_gmt":"2025-04-12T09:59:22","slug":"gizlilik-politikasi","status":"publish","type":"page","link":"https:\/\/www.jiaxuescale.com\/tr\/gizlilik-politikasi\/","title":{"rendered":"Gizlilik Politikas\u0131"},"content":{"rendered":"<p>JiaxueScale&#8217;e ho\u015f geldiniz! Ma\u011fazam\u0131z\u0131 ziyaret etmeniz, t\u00fcm bu h\u00fck\u00fcm ve ko\u015fullar\u0131 otomatik olarak kabul etti\u011finiz anlam\u0131na gelir. L\u00fctfen y\u00f6nergelerimiz, \u015fartlar\u0131m\u0131z ve anla\u015fmalar\u0131m\u0131zla ilgili t\u00fcm bilgileri dikkatlice okuyun.<\/p>\n<p>Bilgiye \u00f6nem vermek \u00e7ok \u00f6nemlidir \u00e7\u00fcnk\u00fc bilgi toplumunda ya\u015f\u0131yoruz ve bilginin kullan\u0131lma ve payla\u015f\u0131lma \u015feklini hafife alamazs\u0131n\u0131z.<\/p>\n<p>G\u00fcven, dostlu\u011fun temel ta\u015f\u0131d\u0131r ve ma\u011fazam\u0131z\u0131 se\u00e7me karar\u0131n\u0131z\u0131 takdir ediyoruz. Hesab\u0131n\u0131zla ilgili farkl\u0131 bilgi t\u00fcrlerine tam eri\u015fim sa\u011fl\u0131yoruz.<\/p>\n<p>Ayr\u0131ca, web sitemizin hem \u015firketimize hem de \u00fc\u00e7\u00fcnc\u00fc taraf \u015firketlere ait olabilecek \u00e7ok say\u0131da ticari marka i\u00e7erdi\u011fini l\u00fctfen unutmay\u0131n.<\/p>\n<p>Logolar\u0131n, simgelerin ve hizmet adlar\u0131n\u0131n m\u00fc\u015fterilerimiz aras\u0131nda kar\u0131\u015f\u0131kl\u0131\u011fa neden olabilecek herhangi bir \u015fekilde kullan\u0131lmas\u0131 yasakt\u0131r ve telif hakk\u0131 yasas\u0131n\u0131n ihlali olarak kabul edilecektir.<\/p>\n<p>Bu h\u00fck\u00fcm ve ko\u015fullarda \u00f6nceden bildirimde bulunmaks\u0131z\u0131n diledi\u011fimiz zaman de\u011fi\u015fiklik yapma hakk\u0131m\u0131z\u0131 sakl\u0131 tutar\u0131z.<\/p>\n<p>Bu web sitesini kullanarak, bu Gizlilik Politikas\u0131n\u0131n en son s\u00fcr\u00fcm\u00fcn\u00fcn \u015fartlar\u0131n\u0131 kabul etmi\u015f olursunuz. Bu web sitesini kullan\u0131m\u0131n\u0131zla ilgili genel kurallar\u0131 anlamak i\u00e7in l\u00fctfen Kullan\u0131m Ko\u015fullar\u0131m\u0131z\u0131 okuyun. Bu web sitesindeki di\u011fer feragatnamelerde, politikalarda, Kullan\u0131m Ko\u015fullar\u0131nda veya di\u011fer bildirimlerde yaz\u0131l\u0131 olanlar hari\u00e7 olmak \u00fczere, bu Gizlilik Politikas\u0131 ve Kullan\u0131m Ko\u015fullar\u0131, bu web sitesini kullan\u0131m\u0131n\u0131zla ilgili olarak sizinle JiaxueScale.com aras\u0131ndaki s\u00f6zle\u015fmenin tamam\u0131d\u0131r. Bu web sitesindeki belirli alanlardaki belirli hizmetlere veya materyallere eri\u015fti\u011finizde veya bu web sitesindeki bir ba\u011flant\u0131y\u0131 izleyerek ge\u00e7erli olabilecek ek ko\u015fullara tabi olabilirsiniz.<\/p>\n<h3>Giri\u015f<\/h3>\n<p>Ald\u0131\u011f\u0131m\u0131z bilgiler ve bunlar\u0131 nas\u0131l kulland\u0131\u011f\u0131m\u0131z, web sitemizi ziyaret ederken ne yapt\u0131\u011f\u0131n\u0131za ba\u011fl\u0131d\u0131r. Ki\u015fisel olmayan bilgilerinizi (sizi ki\u015fisel olarak tan\u0131mlayamayan bilgiler) ki\u015fisel bilgilerinizden farkl\u0131 \u015fekilde toplar ve kullan\u0131r\u0131z.<\/p>\n<p>Ki\u015fisel olmayan bilgiler nedir?<\/p>\n<p>Ki\u015fisel olmayan bilgiler, bu web sitesi arac\u0131l\u0131\u011f\u0131yla toplad\u0131\u011f\u0131m\u0131z ve bizi bireysel bir ki\u015fi olarak tan\u0131mlamayan bilgilerdir. A\u015fa\u011f\u0131dakiler gibi bilgileri i\u00e7erebilir:<\/p>\n<ul>\n<li>kulland\u0131\u011f\u0131n\u0131z web taray\u0131c\u0131 yaz\u0131l\u0131m\u0131n\u0131n t\u00fcr\u00fc (\u00f6rne\u011fin, Netscape Navigator veya Internet Explorer)<\/li>\n<li>internete eri\u015fti\u011finiz etki alan\u0131n\u0131n ad\u0131<\/li>\n<li>do\u011frudan web sitemize ba\u011fland\u0131\u011f\u0131n\u0131z web sitesinin internet adresi<\/li>\n<li>web sitemize eri\u015fti\u011finiz tarih ve saat<\/li>\n<li>web sitemizde hangi sayfalar\u0131 ziyaret etti\u011finiz<\/li>\n<li>kulland\u0131\u011f\u0131n\u0131z arama terimleri<\/li>\n<li>t\u0131klad\u0131\u011f\u0131n\u0131z ba\u011flant\u0131lar<\/li>\n<li>ki\u015fisel olmayan veya anonim hale getirilmi\u015f ki\u015fisel bilgiler (yani, art\u0131k bireysel olarak tan\u0131mlanabilir bir kullan\u0131c\u0131y\u0131 yans\u0131tmayan veya ona at\u0131fta bulunmayan bilgiler)<\/li>\n<\/ul>\n<p>Bir sa\u011fl\u0131k durumu veya \u00fcr\u00fcnlerimizden biri hakk\u0131nda bilgi gibi bilgileri okumak veya indirmek i\u00e7in web sitemizi ziyaret ederseniz, bilgisayar\u0131n\u0131zdan sizinle ilgili ki\u015fisel olmayan baz\u0131 bilgileri toplayabiliriz. Bu bilgiler bilgisayar\u0131n\u0131z\u0131n web taray\u0131c\u0131s\u0131ndan toplan\u0131r: Web sitemizdeki bilgileri yaln\u0131zca okur veya indirirseniz, ad\u0131n\u0131z\u0131, e-posta adresinizi, ev adresinizi veya sizinle ilgili di\u011fer ki\u015fisel bilgileri toplamay\u0131z veya \u00f6\u011frenmeyiz. Ziyaret etti\u011finizde bilgisayar\u0131n\u0131z\u0131n taray\u0131c\u0131 dosyalar\u0131na \u00e7erez ad\u0131 verilen bir metin dosyas\u0131 yerle\u015ftirebiliriz. \u00c7erez bilgisayar\u0131n\u0131z\u0131n sabit diskinde saklanabilir. \u00c7erezleri kullanarak toplad\u0131\u011f\u0131m\u0131z bilgiler ki\u015fisel olmayan bilgilerdir. Taray\u0131c\u0131n\u0131z izin veriyorsa \u00e7erezlerimizi reddetmekte her zaman \u00f6zg\u00fcrs\u00fcn\u00fcz, ancak bunu yaparsan\u0131z web sitemizin baz\u0131 b\u00f6l\u00fcmleri sizin i\u00e7in d\u00fczg\u00fcn \u00e7al\u0131\u015fmayabilir. Bizim ad\u0131m\u0131za hizmet veya i\u015flevleri yerine getirmesi i\u00e7in kiralad\u0131\u011f\u0131m\u0131z \u015firketler d\u0131\u015f\u0131ndaki \u00fc\u00e7\u00fcnc\u00fc taraflar\u0131n web sitemize \u00e7erez yerle\u015ftirmesine izin vermeyece\u011fiz.<\/p>\n<h3>JiaxueScale.com ki\u015fisel olmayan bilgilerle ne yapar?<\/h3>\n<p>Ki\u015fisel olmayan bilgiler sizi tan\u0131mlayamad\u0131\u011f\u0131ndan veya herhangi bir \u015fekilde size ba\u011flanamad\u0131\u011f\u0131ndan, ki\u015fisel olmayan bilgileri kullanma veya payla\u015fma yollar\u0131m\u0131zda herhangi bir k\u0131s\u0131tlama yoktur. Her zaman size daha iyi hizmet vermenin ve bu web sitesini geli\u015ftirmenin yollar\u0131n\u0131 ar\u0131yoruz. Sizden ald\u0131\u011f\u0131m\u0131z ki\u015fisel olmayan bilgileri, bu web sitesini ziyaret\u00e7iler i\u00e7in daha yararl\u0131 hale getirmemize yard\u0131mc\u0131 olmas\u0131 i\u00e7in kullanaca\u011f\u0131z. Ki\u015fisel olmayan bilgileri di\u011fer i\u015f ama\u00e7lar\u0131 i\u00e7in de kullanaca\u011f\u0131z. \u00d6rne\u011fin, ki\u015fisel olmayan bilgileri veya toplu ki\u015fisel olmayan bilgileri \u015fu ama\u00e7larla kullanabiliriz:<\/p>\n<ul>\n<li>programlar\u0131, \u00fcr\u00fcnleri, hizmetleri veya i\u00e7eri\u011fi geli\u015ftirmek i\u00e7in dahili kullan\u0131ma y\u00f6nelik raporlar olu\u015fturmak<\/li>\n<li>ilginizi \u00e7eken bilgileri veya hizmetleri \u00f6zelle\u015ftirmek<\/li>\n<li>\u00fc\u00e7\u00fcnc\u00fc taraflarla payla\u015fmak veya \u00fc\u00e7\u00fcnc\u00fc taraflara satmak<\/li>\n<li>\u00fc\u00e7\u00fcnc\u00fc taraflara toplu \u201ctrafik istatistikleri\u201d ve \u201cyan\u0131t oranlar\u0131\u201d sa\u011flamak<\/li>\n<\/ul>\n<h3>Ki\u015fisel bilgi nedir?<\/h3>\n<p>Ki\u015fisel bilgi, bu web sitesi arac\u0131l\u0131\u011f\u0131yla toplad\u0131\u011f\u0131m\u0131z ve sizi \u00f6zel olarak tan\u0131mlamak i\u00e7in kullanabilece\u011fimiz bilgilerdir, \u00f6rne\u011fin:<\/p>\n<ul>\n<li>ad\u0131n\u0131z<\/li>\n<li>telefon numaran\u0131z<\/li>\n<li>e-posta adresiniz<\/li>\n<li>t\u0131bbi cihaz seri numaran\u0131z<\/li>\n<li>ki\u015fisel sa\u011fl\u0131k bilgileriniz<\/li>\n<li>do\u011fum tarihiniz<\/li>\n<\/ul>\n<p>Bu web sitesinin baz\u0131 yerlerinde, bize kendinizle ilgili ki\u015fisel bilgiler g\u00f6nderme, belirli bilgileri almay\u0131 se\u00e7me veya bir etkinli\u011fe kat\u0131lma f\u0131rsat\u0131n\u0131z vard\u0131r. \u00d6rne\u011fin, bir kay\u0131t formu, anket veya e-posta formu doldurabilir ve \u00fcr\u00fcnlerimiz ve terapilerimiz hakk\u0131nda e\u011fitim materyali almay\u0131 se\u00e7ebilirsiniz.<\/p>\n<p>Ayr\u0131ca, web sitesine ziyaretlerinizi ki\u015fiselle\u015ftirmemize izin vermeyi se\u00e7ebilirsiniz, bu durumda web sitemize ziyaretlerinizi sizin i\u00e7in daha yararl\u0131 hale getirmek i\u00e7in sizden belirli ki\u015fisel bilgiler isteyece\u011fiz. Bu bilgiler, \u00e7erezler arac\u0131l\u0131\u011f\u0131yla toplad\u0131\u011f\u0131m\u0131z ki\u015fisel olmayan bilgilerle birle\u015ftirildi\u011finde (yukar\u0131da a\u00e7\u0131klanm\u0131\u015ft\u0131r), web sitemizi daha \u00f6nce ziyaret etti\u011finizi anlayabilir ve web sitemize eri\u015fiminizi ki\u015fiselle\u015ftirebiliriz, \u00f6rne\u011fin ilginizi \u00e7ekebilecek yeni \u00f6zellikler hakk\u0131nda bilgi vererek.<\/p>\n<h3>JiaxueScale.com ki\u015fisel bilgileri nas\u0131l saklar ve kullan\u0131r?<\/h3>\n<p>Bu web sitesi arac\u0131l\u0131\u011f\u0131yla sizden toplad\u0131\u011f\u0131m\u0131z ki\u015fisel bilgileri, bu web sitesine eri\u015fim sa\u011flamak i\u00e7in saklayabilir ve kullanabiliriz. Ayr\u0131ca, ki\u015fisel bilgilerinizi \u015fu ama\u00e7larla saklayabilir ve kullanabiliriz:<\/p>\n<ul>\n<li>taleplerinize yan\u0131t vermek i\u00e7in<\/li>\n<li>\u00f6rne\u011fin, ilginizi \u00e7ekebilecek yeni \u00f6zellikler hakk\u0131nda sizi bilgilendirerek web sitemize eri\u015fiminizi ki\u015fiselle\u015ftirmek i\u00e7in<\/li>\n<li>ki\u015fisel bilgilerinizin kay\u0131tlar\u0131 da dahil olmak \u00fczere kay\u0131tlar geli\u015ftirmek i\u00e7in<\/li>\n<li>klinik denemeler ve bizim ve ba\u015fkalar\u0131n\u0131n \u00fcr\u00fcn ve hizmetleri hakk\u0131nda bilgiler de dahil olmak \u00fczere ilginizi \u00e7ekebilecek bilgilerle sizinle ileti\u015fime ge\u00e7mek i\u00e7in<\/li>\n<li>analitik ama\u00e7lar i\u00e7in ve programlar\u0131, \u00fcr\u00fcnleri, hizmetleri ve i\u00e7erikleri ara\u015ft\u0131rmak, geli\u015ftirmek ve iyile\u015ftirmek i\u00e7in<\/li>\n<li>ki\u015fisel tan\u0131mlay\u0131c\u0131lar\u0131n\u0131z\u0131 (ad\u0131n\u0131z, e-posta adresiniz, sosyal g\u00fcvenlik numaran\u0131z vb.) kald\u0131rmak i\u00e7in. Bu durumda, art\u0131k tek ve benzersiz bir birey olarak tan\u0131mlanmazs\u0131n\u0131z. Bilgileri kimli\u011fi belirsizle\u015ftirdi\u011fimizde, bu ki\u015fisel olmayan bilgidir ve di\u011fer ki\u015fisel olmayan bilgiler gibi ele alabiliriz.<\/li>\n<li>bu Gizlilik Beyan\u0131&#8217;n\u0131 ve bu web sitesini kullan\u0131m\u0131n\u0131zla ilgili di\u011fer kurallar\u0131 uygulamak i\u00e7in<\/li>\n<li>haklar\u0131m\u0131z\u0131 veya m\u00fclkiyetimizi korumak i\u00e7in<\/li>\n<li>birinin sa\u011fl\u0131\u011f\u0131n\u0131, g\u00fcvenli\u011fini veya refah\u0131n\u0131 korumak i\u00e7in<\/li>\n<li>bir yasaya veya y\u00f6netmeli\u011fe, mahkeme emrine veya di\u011fer yasal i\u015flemlere uymak i\u00e7in<\/li>\n<\/ul>\n<p>Bu site arac\u0131l\u0131\u011f\u0131yla toplanan ki\u015fisel veya ki\u015fisel olmayan bilgileri incelemek i\u00e7in bir y\u00f6ntemimiz yoktur.<\/p>\n<h3>JiaxueScale.com ki\u015fisel bilgileri \u00fc\u00e7\u00fcnc\u00fc taraflarla payla\u015f\u0131r m\u0131?<\/h3>\n<p>JiaxueScale.com, bu Gizlilik Bildiriminde aksi belirtilmedi\u011fi s\u00fcrece, izniniz olmadan bu web sitesinden toplanan ki\u015fisel bilgilerinizi ilgisiz \u00fc\u00e7\u00fcnc\u00fc taraflarla payla\u015fmayacakt\u0131r.<\/p>\n<p>Ola\u011fan i\u015fleyi\u015fte, ad\u0131m\u0131za hizmet veya i\u015flevler ger\u00e7ekle\u015ftirmeleri i\u00e7in kiralad\u0131\u011f\u0131m\u0131z \u015firketlerle baz\u0131 ki\u015fisel bilgileri payla\u015fabiliriz. Ki\u015fisel bilgilerinizi \u00fc\u00e7\u00fcnc\u00fc bir tarafla payla\u015ft\u0131\u011f\u0131m\u0131z t\u00fcm durumlarda, kendilerinden istedi\u011fimiz hizmetleri sa\u011flama amac\u0131 d\u0131\u015f\u0131nda bilgilerinizi saklamalar\u0131na, if\u015fa etmelerine veya ba\u015fkalar\u0131yla kullanmalar\u0131na yetki vermeyece\u011fiz. Ki\u015fisel bilgilerinizi, kurumsal sat\u0131\u015f, birle\u015fme, fesih veya sat\u0131n alma ile ba\u011flant\u0131l\u0131 olmad\u0131\u011f\u0131 s\u00fcrece satmayaca\u011f\u0131z, takas etmeyece\u011fiz veya yay\u0131nlamayaca\u011f\u0131z.<\/p>\n<p>Bir mahkeme emri, celp, arama emri, yasa veya d\u00fczenlemeye yan\u0131t olarak ki\u015fisel bilgilerinizi yay\u0131nlamak zorunda kalabiliriz. Kurallar\u0131m\u0131z\u0131 ihlal eden veya di\u011fer ziyaret\u00e7ilere zarar veren (veya yasa d\u0131\u015f\u0131) davran\u0131\u015flarda bulunan web sitesi ziyaret\u00e7ilerini soru\u015fturmak ve kovu\u015fturmak i\u00e7in kolluk kuvvetleriyle i\u015f birli\u011fi yapabiliriz.<\/p>\n<h3>Di\u011fer web sitelerindeki gizlilik ne olacak?<\/h3>\n<p>Bu web sitesi di\u011fer web sitelerine ba\u011flant\u0131lar i\u00e7erebilir. Bu web sitelerinden baz\u0131lar\u0131 JiaxueScale taraf\u0131ndan, baz\u0131lar\u0131 ise \u00fc\u00e7\u00fcnc\u00fc taraflarca i\u015fletiliyor olabilir. Ba\u011flant\u0131lar\u0131 sizin kolayl\u0131\u011f\u0131n\u0131z i\u00e7in sa\u011fl\u0131yoruz, ancak ba\u015fkalar\u0131 taraf\u0131ndan i\u015fletilen web sitelerinin gizlilik uygulamalar\u0131n\u0131 incelemiyoruz, kontrol etmiyoruz veya izlemiyoruz. Bu Gizlilik Beyan\u0131 di\u011fer hi\u00e7bir web sitesi, hatta di\u011fer JiaxueScale.com web siteleri i\u00e7in ge\u00e7erli de\u011fildir. \u00dc\u00e7\u00fcnc\u00fc taraflarca i\u015fletilen web sitelerinin performans\u0131ndan veya onlarla olan i\u015f ili\u015fkilerinizden sorumlu de\u011filiz. Bu nedenle, bu web sitesinden ayr\u0131ld\u0131\u011f\u0131n\u0131zda her web sitesinin gizlilik uygulamalar\u0131n\u0131 incelemenizi ve bu uygulamalar\u0131n yeterlili\u011fi konusunda kendi sonu\u00e7lar\u0131n\u0131z\u0131 \u00e7\u0131karman\u0131z\u0131 \u00f6neririz.<\/p>\n<h3>JiaxueScale.com bu web sitesini ziyaret edenlerle do\u011frudan ileti\u015fim kuruyor mu?<\/h3>\n<p>\u0130lginizi \u00e7ekebilecek programlar, \u00fcr\u00fcnler, hizmetler ve i\u00e7erikler hakk\u0131nda bilgi sa\u011flamak i\u00e7in bu ileti\u015fimi kabul ederseniz, sizinle periyodik olarak e-posta, posta veya telefon yoluyla ileti\u015fim kurabiliriz. Ayr\u0131ca, bu web sitesindeki baz\u0131 \u00f6zellikler \u00e7evrimi\u00e7i bir form kullanarak bizimle ileti\u015fim kurman\u0131za olanak tan\u0131r. \u0130leti\u015fiminiz bizden bir yan\u0131t talep ederse, size e-posta yoluyla bir yan\u0131t g\u00f6nderece\u011fiz. E-posta yan\u0131t\u0131 veya onay\u0131, sa\u011fl\u0131\u011f\u0131n\u0131z, ad\u0131n\u0131z, adresiniz vb. ile ilgili ki\u015fisel bilgiler dahil olmak \u00fczere ki\u015fisel bilgilerinizi i\u00e7erebilir. Size g\u00f6nderdi\u011fimiz e-postalar\u0131n yetkisiz m\u00fcdahalelerden g\u00fcvenli olaca\u011f\u0131n\u0131 garanti edemeyiz.<\/p>\n<h3>Peki ya web sitesi g\u00fcvenli\u011fi?<\/h3>\n<p>G\u00fcvenlik bizim i\u00e7in \u00e7ok \u00f6nemlidir. G\u00fcvenli\u011fin sizin i\u00e7in de \u00f6nemli oldu\u011funu anl\u0131yoruz. Ki\u015fisel bilgilerinizi kaybolmaya, k\u00f6t\u00fcye kullan\u0131lmaya ve yetkisiz eri\u015fime, if\u015faya, de\u011fi\u015fikli\u011fe veya imhaya kar\u015f\u0131 korumak i\u00e7in makul ad\u0131mlar at\u0131yoruz. Hi\u00e7bir \u0130nternet iletiminin %100 g\u00fcvenli veya hatas\u0131z olmad\u0131\u011f\u0131n\u0131 akl\u0131n\u0131zda bulundurmal\u0131s\u0131n\u0131z. \u00d6zellikle, bu siteye veya bu siteden g\u00f6nderilen e-postalar g\u00fcvenli olmayabilir ve bu nedenle bize e-posta yoluyla hangi bilgileri g\u00f6nderece\u011finize karar verirken \u00f6zel bir \u00f6zen g\u00f6stermelisiniz.<\/p>\n","protected":false},"excerpt":{"rendered":"<p>JiaxueScale&#8217;e ho\u015f geldiniz! Ma\u011fazam\u0131z\u0131 ziyaret etmeniz, t\u00fcm bu h\u00fck\u00fcm ve ko\u015fullar\u0131 otomatik olarak kabul etti\u011finiz anlam\u0131na gelir. L\u00fctfen y\u00f6nergelerimiz, \u015fartlar\u0131m\u0131z ve anla\u015fmalar\u0131m\u0131zla ilgili t\u00fcm bilgileri dikkatlice okuyun. Bilgiye \u00f6nem vermek \u00e7ok \u00f6nemlidir \u00e7\u00fcnk\u00fc bilgi toplumunda [&hellip;]<\/p>\n","protected":false},"author":1,"featured_media":0,"parent":0,"menu_order":0,"comment_status":"closed","ping_status":"closed","template":"","meta":{"site-sidebar-layout":"default","site-content-layout":"","ast-site-content-layout":"default","site-content-style":"default","site-sidebar-style":"default","ast-global-header-display":"","ast-banner-title-visibility":"","ast-main-header-display":"","ast-hfb-above-header-display":"","ast-hfb-below-header-display":"","ast-hfb-mobile-header-display":"","site-post-title":"","ast-breadcrumbs-content":"","ast-featured-img":"","footer-sml-layout":"","ast-disable-related-posts":"","theme-transparent-header-meta":"default","adv-header-id-meta":"","stick-header-meta":"default","header-above-stick-meta":"","header-main-stick-meta":"","header-below-stick-meta":"","astra-migrate-meta-layouts":"set","ast-page-background-enabled":"default","ast-page-background-meta":{"desktop":{"background-color":"","background-image":"","background-repeat":"repeat","background-position":"center center","background-size":"auto","background-attachment":"scroll","background-type":"","background-media":"","overlay-type":"","overlay-color":"","overlay-opacity":"","overlay-gradient":""},"tablet":{"background-color":"","background-image":"","background-repeat":"repeat","background-position":"center center","background-size":"auto","background-attachment":"scroll","background-type":"","background-media":"","overlay-type":"","overlay-color":"","overlay-opacity":"","overlay-gradient":""},"mobile":{"background-color":"","background-image":"","background-repeat":"repeat","background-position":"center center","background-size":"auto","background-attachment":"scroll","background-type":"","background-media":"","overlay-type":"","overlay-color":"","overlay-opacity":"","overlay-gradient":""}},"ast-content-background-meta":{"desktop":{"background-color":"var(--ast-global-color-5)","background-image":"","background-repeat":"repeat","background-position":"center center","background-size":"auto","background-attachment":"scroll","background-type":"","background-media":"","overlay-type":"","overlay-color":"","overlay-opacity":"","overlay-gradient":""},"tablet":{"background-color":"var(--ast-global-color-5)","background-image":"","background-repeat":"repeat","background-position":"center center","background-size":"auto","background-attachment":"scroll","background-type":"","background-media":"","overlay-type":"","overlay-color":"","overlay-opacity":"","overlay-gradient":""},"mobile":{"background-color":"var(--ast-global-color-5)","background-image":"","background-repeat":"repeat","background-position":"center center","background-size":"auto","background-attachment":"scroll","background-type":"","background-media":"","overlay-type":"","overlay-color":"","overlay-opacity":"","overlay-gradient":""}},"footnotes":""},"class_list":["post-6963","page","type-page","status-publish","hentry"],"_links":{"self":[{"href":"https:\/\/www.jiaxuescale.com\/tr\/wp-json\/wp\/v2\/pages\/6963","targetHints":{"allow":["GET"]}}],"collection":[{"href":"https:\/\/www.jiaxuescale.com\/tr\/wp-json\/wp\/v2\/pages"}],"about":[{"href":"https:\/\/www.jiaxuescale.com\/tr\/wp-json\/wp\/v2\/types\/page"}],"author":[{"embeddable":true,"href":"https:\/\/www.jiaxuescale.com\/tr\/wp-json\/wp\/v2\/users\/1"}],"replies":[{"embeddable":true,"href":"https:\/\/www.jiaxuescale.com\/tr\/wp-json\/wp\/v2\/comments?post=6963"}],"version-history":[{"count":2,"href":"https:\/\/www.jiaxuescale.com\/tr\/wp-json\/wp\/v2\/pages\/6963\/revisions"}],"predecessor-version":[{"id":6967,"href":"https:\/\/www.jiaxuescale.com\/tr\/wp-json\/wp\/v2\/pages\/6963\/revisions\/6967"}],"wp:attachment":[{"href":"https:\/\/www.jiaxuescale.com\/tr\/wp-json\/wp\/v2\/media?parent=6963"}],"curies":[{"name":"wp","href":"https:\/\/api.w.org\/{rel}","templated":true}]}}