{"id":5422,"date":"2024-12-07T11:58:45","date_gmt":"2024-12-07T11:58:45","guid":{"rendered":"https:\/\/www.jiaxuescale.com\/condiciones-generales\/"},"modified":"2024-12-07T11:58:45","modified_gmt":"2024-12-07T11:58:45","slug":"condiciones-generales","status":"publish","type":"page","link":"https:\/\/www.jiaxuescale.com\/es\/condiciones-generales\/","title":{"rendered":"Condiciones generales"},"content":{"rendered":"<h3>Visi\u00f3n general<\/h3>\n<p>Este sitio web est\u00e1 gestionado por JiaxueScale. En todo el sitio, los t\u00e9rminos \u00abnosotros\u00bb, \u00abnos\u00bb y \u00abnuestro\u00bb se refieren a JiaxueScale. JiaxueScale ofrece este sitio web, incluyendo toda la informaci\u00f3n, herramientas y servicios disponibles en el mismo, a ti, el usuario, siempre que aceptes todos los t\u00e9rminos, condiciones, pol\u00edticas y avisos aqu\u00ed establecidos. Al visitar nuestro sitio y\/o comprarnos algo, aceptas nuestro \u00abServicio\u00bb y aceptas regirte por los siguientes t\u00e9rminos y condiciones (\u00abCondiciones del servicio\u00bb, \u00abCondiciones\u00bb), incluidas las condiciones y pol\u00edticas adicionales a las que se hace referencia en el presente documento y\/o que est\u00e1n disponibles mediante hiperv\u00ednculo. Estas Condiciones del servicio se aplican a todos los usuarios del sitio, incluidos, entre otros, los usuarios que son navegadores, vendedores, clientes, comerciantes y\/o colaboradores de contenidos. Lee atentamente estas Condiciones de servicio antes de acceder o utilizar nuestro sitio web. Al acceder o utilizar cualquier parte del sitio, aceptas quedar vinculado por estas Condiciones del servicio. Si no aceptas todos los t\u00e9rminos y condiciones de este acuerdo, no podr\u00e1s acceder al sitio web ni utilizar ning\u00fan servicio. Si estas Condiciones del servicio se consideran una oferta, su aceptaci\u00f3n se limita expresamente a estas Condiciones del servicio. Cualquier nueva funci\u00f3n o herramienta que se a\u00f1ada a la tienda actual tambi\u00e9n estar\u00e1 sujeta a las Condiciones del servicio. Puedes consultar la versi\u00f3n m\u00e1s actualizada de las Condiciones del servicio en cualquier momento en esta p\u00e1gina. Nos reservamos el derecho a actualizar, cambiar o sustituir cualquier parte de estas Condiciones del servicio publicando actualizaciones y\/o cambios en nuestro sitio web. Es tu responsabilidad revisar esta p\u00e1gina peri\u00f3dicamente para comprobar si se han producido cambios. El uso continuado o el acceso al sitio web tras la publicaci\u00f3n de cualquier cambio constituye la aceptaci\u00f3n de dichos cambios. Nuestra tienda est\u00e1 alojada en Shopify Inc. Ellos nos proporcionan una plataforma de comercio electr\u00f3nico en l\u00ednea que nos permite venderte nuestros productos y servicios.  <\/p>\n<h3>Secci\u00f3n 1 &#8211; T\u00e9rminos de la Tienda Online<\/h3>\n<p>Al aceptar estas Condiciones del servicio, declaras que eres mayor de edad en tu estado o provincia de residencia, o que eres mayor de edad en tu estado o provincia de residencia y nos has dado tu consentimiento para permitir que cualquiera de tus dependientes menores de edad utilice este sitio. No puedes utilizar nuestros productos para ning\u00fan fin ilegal o no autorizado ni puedes, en el uso del Servicio, violar ninguna ley de tu jurisdicci\u00f3n (incluidas, entre otras, las leyes de derechos de autor). No debes transmitir gusanos ni virus ni ning\u00fan c\u00f3digo de naturaleza destructiva. El incumplimiento o violaci\u00f3n de cualquiera de las Condiciones dar\u00e1 lugar a la rescisi\u00f3n inmediata de tus Servicios.<\/p>\n<h3>Secci\u00f3n 2 &#8211; Condiciones generales<\/h3>\n<p>Nos reservamos el derecho a denegar el servicio a cualquier persona por cualquier motivo y en cualquier momento. Entiendes que tu contenido (sin incluir la informaci\u00f3n de la tarjeta de cr\u00e9dito), puede ser transferido sin encriptar e implicar (a) transmisiones a trav\u00e9s de varias redes; y (b) cambios para ajustarse y adaptarse a los requisitos t\u00e9cnicos de las redes o dispositivos de conexi\u00f3n. La informaci\u00f3n de la tarjeta de cr\u00e9dito siempre se encripta durante la transferencia a trav\u00e9s de redes. Te comprometes a no reproducir, duplicar, copiar, vender, revender o explotar ninguna parte del Servicio, el uso del Servicio o el acceso al Servicio o a cualquier contacto del sitio web a trav\u00e9s del cual se presta el servicio, sin nuestro permiso expreso por escrito. Los encabezamientos utilizados en este acuerdo se incluyen \u00fanicamente por comodidad y no limitar\u00e1n ni afectar\u00e1n de otro modo a estas Condiciones.<\/p>\n<h3>Secci\u00f3n 3 &#8211; Exactitud, integridad y puntualidad de la informaci\u00f3n<\/h3>\n<p>No nos hacemos responsables si la informaci\u00f3n disponible en este sitio no es exacta, completa o actual. El material de este sitio se proporciona \u00fanicamente como informaci\u00f3n general y no debe utilizarse como \u00fanica base para tomar decisiones sin consultar fuentes de informaci\u00f3n primarias, m\u00e1s precisas, m\u00e1s completas o m\u00e1s oportunas. Cualquier confianza en el material de este sitio corre por tu cuenta y riesgo. Este sitio puede contener cierta informaci\u00f3n hist\u00f3rica. La informaci\u00f3n hist\u00f3rica, necesariamente, no es actual y se proporciona s\u00f3lo para tu referencia. Nos reservamos el derecho a modificar el contenido de este sitio en cualquier momento, pero no tenemos obligaci\u00f3n de actualizar ninguna informaci\u00f3n de nuestro sitio. Aceptas que es tu responsabilidad supervisar los cambios en nuestro sitio.  <\/p>\n<h3>Secci\u00f3n 4 &#8211; Modificaciones del servicio y de los precios<\/h3>\n<p>Los precios de nuestros productos est\u00e1n sujetos a cambios sin previo aviso. Nos reservamos el derecho a modificar o interrumpir en cualquier momento el Servicio (o cualquier parte o contenido del mismo) sin previo aviso. No seremos responsables ante ti ni ante terceros de ninguna modificaci\u00f3n, cambio de precio, suspensi\u00f3n o interrupci\u00f3n del Servicio.<\/p>\n<h3>Secci\u00f3n 5 &#8211; Productos o servicios (si procede)<\/h3>\n<p>Algunos productos o servicios pueden estar disponibles exclusivamente en l\u00ednea a trav\u00e9s del sitio web. Estos productos o servicios pueden tener cantidades limitadas y est\u00e1n sujetos a devoluci\u00f3n o cambio s\u00f3lo de acuerdo con nuestra Pol\u00edtica de Devoluciones. Hemos hecho todo lo posible para mostrar con la mayor exactitud posible los colores y las im\u00e1genes de nuestros productos que aparecen en la tienda. No podemos garantizar que la visualizaci\u00f3n de cualquier color en el monitor de tu ordenador sea exacta. Nos reservamos el derecho, pero no estamos obligados, a limitar las ventas de nuestros productos o Servicios a cualquier persona, regi\u00f3n geogr\u00e1fica o jurisdicci\u00f3n. Podemos ejercer este derecho caso por caso. Nos reservamos el derecho a limitar las cantidades de cualquier producto o servicio que ofrezcamos. Todas las descripciones de productos o precios de productos est\u00e1n sujetos a cambios en cualquier momento sin previo aviso, a nuestra entera discreci\u00f3n. Nos reservamos el derecho a interrumpir cualquier producto en cualquier momento. Cualquier oferta de cualquier producto o servicio realizada en este sitio es nula donde est\u00e9 prohibida. No garantizamos que la calidad de los productos, servicios, informaci\u00f3n u otro material adquirido u obtenido por ti satisfaga tus expectativas, ni que se corrijan los errores del Servicio. <\/p>\n<h3>Secci\u00f3n 6 &#8211; Exactitud de la facturaci\u00f3n y de la informaci\u00f3n de la cuenta<\/h3>\n<p>Nos reservamos el derecho a rechazar cualquier pedido que nos hagas. Podemos, a nuestra entera discreci\u00f3n, limitar o cancelar las cantidades compradas por persona, por hogar o por pedido. Estas restricciones pueden incluir pedidos realizados por o bajo la misma cuenta de cliente, la misma tarjeta de cr\u00e9dito y\/o pedidos que utilicen la misma direcci\u00f3n de facturaci\u00f3n y\/o env\u00edo. En caso de que modifiquemos o cancelemos un pedido, podemos intentar notific\u00e1rtelo poni\u00e9ndonos en contacto con la direcci\u00f3n de correo electr\u00f3nico y\/o direcci\u00f3n de facturaci\u00f3n\/n\u00famero de tel\u00e9fono facilitados en el momento de realizar el pedido. Nos reservamos el derecho a limitar o prohibir pedidos que, a nuestro juicio, parezcan realizados por comerciantes, revendedores o distribuidores. Aceptas proporcionar informaci\u00f3n de compra y de cuenta actual, completa y precisa para todas las compras realizadas en nuestra tienda. Te comprometes a actualizar puntualmente la informaci\u00f3n de tu cuenta y otros datos, incluida tu direcci\u00f3n de correo electr\u00f3nico y los n\u00fameros de tu tarjeta de cr\u00e9dito, as\u00ed como las fechas de caducidad, para que podamos completar tus transacciones y ponernos en contacto contigo cuando sea necesario. Para m\u00e1s detalles, consulta nuestra Pol\u00edtica de devoluciones.    <\/p>\n<h3>Secci\u00f3n 7 &#8211; Herramientas opcionales<\/h3>\n<p>Es posible que te proporcionemos acceso a herramientas de terceros sobre las que no ejercemos ning\u00fan control ni tenemos ninguna influencia. Reconoces y aceptas que te proporcionamos acceso a dichas herramientas \u00abtal cual\u00bb y \u00abseg\u00fan disponibilidad\u00bb, sin garant\u00edas, declaraciones ni condiciones de ning\u00fan tipo y sin ning\u00fan tipo de respaldo. No tendremos responsabilidad alguna derivada o relacionada con tu uso de herramientas opcionales de terceros. Cualquier uso por tu parte de herramientas opcionales ofrecidas a trav\u00e9s del sitio es enteramente bajo tu propio riesgo y discreci\u00f3n y debes asegurarte de que conoces y apruebas los t\u00e9rminos en los que las herramientas son proporcionadas por el\/los proveedor\/es externo\/s correspondiente\/s. Tambi\u00e9n podemos, en el futuro, ofrecer nuevos servicios y\/o caracter\u00edsticas a trav\u00e9s del sitio web (incluyendo, el lanzamiento de nuevas herramientas y recursos). Dichas nuevas funciones y\/o servicios tambi\u00e9n estar\u00e1n sujetos a estas Condiciones del servicio.<\/p>\n<h3>Secci\u00f3n 8 &#8211; Enlaces de terceros<\/h3>\n<p>Ciertos contenidos, productos y servicios disponibles a trav\u00e9s de nuestro Servicio pueden incluir materiales de terceros. Los enlaces de terceros en este sitio pueden dirigirte a sitios web de terceros que no est\u00e1n afiliados a nosotros. No somos responsables de examinar o evaluar el contenido o la exactitud y no garantizamos ni tendremos responsabilidad alguna por ning\u00fan material o sitio web de terceros, ni por ning\u00fan otro material, producto o servicio de terceros. No somos responsables de ning\u00fan da\u00f1o o perjuicio relacionado con la compra o el uso de bienes, servicios, recursos, contenidos o cualquier otra transacci\u00f3n realizada en relaci\u00f3n con sitios web de terceros. Revisa detenidamente las pol\u00edticas y pr\u00e1cticas de los terceros y aseg\u00farate de que las comprendes antes de realizar cualquier transacci\u00f3n. Las quejas, reclamaciones, inquietudes o preguntas relativas a productos de terceros deben dirigirse a \u00e9stos.<\/p>\n<h3>Secci\u00f3n 9 &#8211; Comentarios, opiniones y otros env\u00edos de los usuarios<\/h3>\n<p>Si, a petici\u00f3n nuestra, env\u00edas determinados env\u00edos espec\u00edficos (por ejemplo, participaciones en concursos) o, sin que nosotros te lo pidamos, env\u00edas ideas creativas, sugerencias, propuestas, planes u otros materiales, ya sea en l\u00ednea, por correo electr\u00f3nico, por correo postal o de otro modo (colectivamente, \u00abcomentarios\u00bb), aceptas que podamos, en cualquier momento y sin restricciones, editar, copiar, publicar, distribuir, traducir y utilizar de otro modo en cualquier medio cualquier comentario que nos env\u00edes. No estamos ni estaremos obligados (1) a mantener ning\u00fan comentario en secreto; (2) a pagar una compensaci\u00f3n por ning\u00fan comentario; ni (3) a responder a ning\u00fan comentario. Podemos, pero no estamos obligados a ello, supervisar, editar o eliminar los contenidos que determinemos, a nuestra entera discreci\u00f3n, que son ilegales, ofensivos, amenazadores, calumniosos, difamatorios, pornogr\u00e1ficos, obscenos o de cualquier otro modo censurables o que violen la propiedad intelectual de cualquiera de las partes o estas Condiciones del servicio. Aceptas que tus comentarios no violar\u00e1n ning\u00fan derecho de terceros, incluidos los derechos de autor, marca registrada, privacidad, personalidad u otros derechos personales o de propiedad. Adem\u00e1s, aceptas que tus comentarios no contendr\u00e1n material difamatorio o ilegal, abusivo u obsceno, ni contendr\u00e1n virus inform\u00e1ticos u otros programas maliciosos que puedan afectar de alg\u00fan modo al funcionamiento del Servicio o de cualquier sitio web relacionado. No puedes utilizar una direcci\u00f3n de correo electr\u00f3nico falsa, hacerte pasar por otra persona que no seas t\u00fa mismo, o enga\u00f1arnos de cualquier otra forma a nosotros o a terceros en cuanto al origen de cualquier comentario. Eres el \u00fanico responsable de los comentarios que hagas y de su exactitud. No nos hacemos responsables ni asumimos responsabilidad alguna por los comentarios publicados por ti o por terceros. <\/p>\n<h3>Secci\u00f3n 10 &#8211; Informaci\u00f3n personal<\/h3>\n<p>El env\u00edo de informaci\u00f3n personal a trav\u00e9s de la tienda se rige por nuestra Pol\u00edtica de Privacidad. Para ver nuestra Pol\u00edtica de Privacidad. <\/p>\n<h3>Secci\u00f3n 11 &#8211; Errores, imprecisiones y omisiones<\/h3>\n<p>Ocasionalmente puede haber informaci\u00f3n en nuestro sitio o en el Servicio que contenga errores tipogr\u00e1ficos, inexactitudes u omisiones que puedan estar relacionadas con descripciones de productos, precios, promociones, ofertas, gastos de env\u00edo de productos, tiempos de tr\u00e1nsito y disponibilidad. Nos reservamos el derecho a corregir cualquier error, inexactitud u omisi\u00f3n, y a cambiar o actualizar la informaci\u00f3n o cancelar pedidos si cualquier informaci\u00f3n del Servicio o de cualquier sitio web relacionado es inexacta, en cualquier momento y sin previo aviso. No asumimos ninguna obligaci\u00f3n de actualizar, modificar o aclarar la informaci\u00f3n del Servicio o de cualquier sitio web relacionado, incluida, sin limitaci\u00f3n, la informaci\u00f3n sobre precios, salvo que lo exija la ley. Ninguna fecha especificada de actualizaci\u00f3n o puesta al d\u00eda aplicada en el Servicio o en cualquier sitio web relacionado debe tomarse como indicaci\u00f3n de que toda la informaci\u00f3n del Servicio o de cualquier sitio web relacionado ha sido modificada o actualizada. <\/p>\n<h3>Secci\u00f3n 12 &#8211; Usos prohibidos<\/h3>\n<p>Adem\u00e1s de otras prohibiciones establecidas en las Condiciones del servicio, se te proh\u00edbe utilizar el sitio o su contenido:<\/p>\n<ul>\n<li>(a) para cualquier fin il\u00edcito;<\/li>\n<li>(b) solicitar a otros que realicen o participen en actos il\u00edcitos;<\/li>\n<li>(c) violar cualquier reglamento, norma, ley u ordenanza local internacional, federal, provincial o estatal;<\/li>\n<li>(d) infringir o violar nuestros derechos de propiedad intelectual o los derechos de propiedad intelectual de terceros;<\/li>\n<li>(e) acosar, abusar, insultar, da\u00f1ar, difamar, calumniar, menospreciar, intimidar o discriminar por raz\u00f3n de sexo, orientaci\u00f3n sexual, religi\u00f3n, etnia, raza, edad, origen nacional o discapacidad;<\/li>\n<li>(f) presentar informaci\u00f3n falsa o enga\u00f1osa;<\/li>\n<li>(g) cargar o transmitir virus o cualquier otro tipo de c\u00f3digo malicioso que afecte o pueda afectar a la funcionalidad o al funcionamiento del Servicio o de cualquier sitio web relacionado, de otros sitios web o de Internet;<\/li>\n<li>(h) para recoger o rastrear la informaci\u00f3n personal de otros;<\/li>\n<li>(i) hacer spam, phishing, pharm, pretext, spider, crawl o scrape;<\/li>\n<li>(j) para cualquier fin obsceno o inmoral;<\/li>\n<li>(k) interferir o eludir las funciones de seguridad del Servicio o de cualquier sitio web relacionado, de otros sitios web o de Internet. Nos reservamos el derecho a poner fin a tu uso del Servicio o de cualquier sitio web relacionado por infringir cualquiera de los usos prohibidos. <\/li>\n<\/ul>\n<h3>Secci\u00f3n 13 &#8211; Renuncia de garant\u00edas; limitaci\u00f3n de responsabilidad<\/h3>\n<p>No garantizamos que el uso de nuestro servicio sea ininterrumpido, puntual, seguro o libre de errores. No garantizamos que los resultados que puedan obtenerse del uso del servicio sean precisos o fiables. Aceptas que, de vez en cuando, podemos eliminar el servicio por periodos de tiempo indefinidos o cancelar el servicio en cualquier momento, sin avisarte. Aceptas expresamente que el uso que hagas del servicio, o la imposibilidad de utilizarlo, ser\u00e1 por tu cuenta y riesgo. El servicio y todos los productos y servicios que se te entreguen a trav\u00e9s del servicio se proporcionan (salvo que nosotros lo indiquemos expresamente) \u00abtal cual\u00bb y \u00abseg\u00fan disponibilidad\u00bb para tu uso, sin ninguna representaci\u00f3n, garant\u00eda o condici\u00f3n de ning\u00fan tipo, ya sea expresa o impl\u00edcita, incluidas todas las garant\u00edas o condiciones impl\u00edcitas de comerciabilidad, calidad comercial, idoneidad para un fin determinado, durabilidad, titularidad y no infracci\u00f3n. En ning\u00fan caso JiaxueScale, nuestros directores, directivos, empleados, afiliados, agentes, contratistas, becarios, proveedores, prestadores de servicios o licenciantes ser\u00e1n responsables de ninguna lesi\u00f3n, p\u00e9rdida, reclamaci\u00f3n o cualquier da\u00f1o directo, indirecto, incidental, punitivo, especial o consecuente de cualquier tipo, incluyendo, sin limitaci\u00f3n, la p\u00e9rdida de beneficios, p\u00e9rdida de ingresos, p\u00e9rdida de ahorros, p\u00e9rdida de datos, costes de sustituci\u00f3n o cualquier da\u00f1o similar, ya se base en un contrato, agravio (incluyendo negligencia), responsabilidad estricta o de otro tipo, derivada de tu uso de cualquiera de los servicios o de cualquier producto obtenido mediante el servicio, o por cualquier otra reclamaci\u00f3n relacionada de alg\u00fan modo con tu uso del servicio o de cualquier producto, incluidos, entre otros, cualquier error u omisi\u00f3n en cualquier contenido, o cualquier p\u00e9rdida o da\u00f1o de cualquier tipo incurrido como resultado del uso del servicio o de cualquier contenido (o producto) publicado, transmitido o puesto a disposici\u00f3n de alg\u00fan otro modo a trav\u00e9s del servicio, incluso si se avisa de su posibilidad. Debido a que algunos estados o jurisdicciones no permiten la exclusi\u00f3n o la limitaci\u00f3n de responsabilidad por da\u00f1os consecuenciales o incidentales, en dichos estados o jurisdicciones, nuestra responsabilidad se limitar\u00e1 al m\u00e1ximo permitido por la ley. <\/p>\n<h3>Secci\u00f3n 14 &#8211; Indemnizaci\u00f3n<\/h3>\n<p>Aceptas indemnizar, defender y eximir de toda responsabilidad a JiaxueScale y a nuestra empresa matriz, subsidiarias, filiales, socios, directivos, directores, agentes, contratistas, licenciatarios, proveedores de servicios, subcontratistas, proveedores, becarios y empleados, frente a cualquier reclamaci\u00f3n o demanda, incluidos los honorarios razonables de abogados, interpuesta por un tercero debido al incumplimiento por tu parte de estas Condiciones del servicio o de los documentos que incorporan por referencia, o a la infracci\u00f3n por tu parte de cualquier ley o derecho de un tercero.<\/p>\n<h3>Secci\u00f3n 15 &#8211; Divisibilidad<\/h3>\n<p>En caso de que se determine que alguna disposici\u00f3n de estas Condiciones del servicio es ilegal, nula o inaplicable, dicha disposici\u00f3n ser\u00e1, no obstante, aplicable en la mayor medida permitida por la legislaci\u00f3n aplicable, y la parte inaplicable se considerar\u00e1 separada de estas Condiciones del servicio, sin que dicha determinaci\u00f3n afecte a la validez y aplicabilidad de las dem\u00e1s disposiciones restantes.<\/p>\n<h3>Secci\u00f3n 16 &#8211; Cese<\/h3>\n<p>Las obligaciones y responsabilidades de las partes contra\u00eddas con anterioridad a la fecha de rescisi\u00f3n sobrevivir\u00e1n a la rescisi\u00f3n del presente acuerdo a todos los efectos. Estas Condiciones del Servicio son efectivas a menos que y hasta que sean rescindidas por ti o por nosotros. Puedes rescindir estas Condiciones del servicio en cualquier momento notific\u00e1ndonos que ya no deseas utilizar nuestros Servicios, o cuando dejes de utilizar nuestro sitio.<br \/>\nSi a nuestro juicio incumples, o sospechamos que has incumplido, cualquier t\u00e9rmino o disposici\u00f3n de estas Condiciones del servicio, tambi\u00e9n podremos rescindir este acuerdo en cualquier momento sin previo aviso y seguir\u00e1s siendo responsable de todas las cantidades adeudadas hasta la fecha de rescisi\u00f3n inclusive; y\/o en consecuencia podremos denegarte el acceso a nuestros Servicios (o a cualquier parte de los mismos).<\/p>\n<h3>Secci\u00f3n 17 &#8211; Acuerdo completo<\/h3>\n<p>El hecho de que no ejerzamos o hagamos valer cualquier derecho o disposici\u00f3n de estas Condiciones del servicio no constituir\u00e1 una renuncia a dicho derecho o disposici\u00f3n. Las presentes Condiciones del servicio y cualesquiera pol\u00edticas o normas de funcionamiento publicadas por nosotros en este sitio o con respecto al Servicio constituyen el acuerdo y entendimiento \u00edntegros entre t\u00fa y nosotros y rigen tu uso del Servicio, sustituyendo a cualesquiera acuerdos, comunicaciones y propuestas anteriores o contempor\u00e1neos, ya sean orales o escritos, entre t\u00fa y nosotros (incluidas, entre otras, cualesquiera versiones anteriores de las Condiciones del servicio). Cualquier ambig\u00fcedad en la interpretaci\u00f3n de estas Condiciones del Servicio no se interpretar\u00e1 en contra de la parte redactora.<\/p>\n<h3>Secci\u00f3n 18 &#8211; Ley aplicable<\/h3>\n<p>Estas Condiciones del servicio y cualquier acuerdo independiente por el que te proporcionemos Servicios se regir\u00e1n e interpretar\u00e1n de acuerdo con las leyes de China.<\/p>\n<h3>Secci\u00f3n 19 &#8211; Cambios en las Condiciones del Servicio<\/h3>\n<p>Puedes consultar la versi\u00f3n m\u00e1s actualizada de las Condiciones del servicio en cualquier momento en esta p\u00e1gina. Nos reservamos el derecho, a nuestra entera discreci\u00f3n, de actualizar, cambiar o sustituir cualquier parte de estas Condiciones del servicio mediante la publicaci\u00f3n de actualizaciones y cambios en nuestro sitio web. Es tu responsabilidad comprobar peri\u00f3dicamente si se han producido cambios en nuestro sitio web. Si contin\u00faas utilizando o accediendo a nuestro sitio web o al Servicio tras la publicaci\u00f3n de cualquier cambio en estas Condiciones del servicio, ello implica la aceptaci\u00f3n de dichos cambios.<\/p>\n","protected":false},"excerpt":{"rendered":"<p>Visi\u00f3n general Este sitio web est\u00e1 gestionado por JiaxueScale. En todo el sitio, los t\u00e9rminos \u00abnosotros\u00bb, \u00abnos\u00bb y \u00abnuestro\u00bb se refieren a JiaxueScale. JiaxueScale ofrece este sitio web, incluyendo toda la informaci\u00f3n, herramientas y servicios [&hellip;]<\/p>\n","protected":false},"author":1,"featured_media":0,"parent":0,"menu_order":0,"comment_status":"closed","ping_status":"closed","template":"","meta":{"site-sidebar-layout":"default","site-content-layout":"","ast-site-content-layout":"default","site-content-style":"default","site-sidebar-style":"default","ast-global-header-display":"","ast-banner-title-visibility":"","ast-main-header-display":"","ast-hfb-above-header-display":"","ast-hfb-below-header-display":"","ast-hfb-mobile-header-display":"","site-post-title":"","ast-breadcrumbs-content":"","ast-featured-img":"","footer-sml-layout":"","ast-disable-related-posts":"","theme-transparent-header-meta":"default","adv-header-id-meta":"","stick-header-meta":"default","header-above-stick-meta":"","header-main-stick-meta":"","header-below-stick-meta":"","astra-migrate-meta-layouts":"default","ast-page-background-enabled":"default","ast-page-background-meta":{"desktop":{"background-color":"","background-image":"","background-repeat":"repeat","background-position":"center center","background-size":"auto","background-attachment":"scroll","background-type":"","background-media":"","overlay-type":"","overlay-color":"","overlay-opacity":"","overlay-gradient":""},"tablet":{"background-color":"","background-image":"","background-repeat":"repeat","background-position":"center center","background-size":"auto","background-attachment":"scroll","background-type":"","background-media":"","overlay-type":"","overlay-color":"","overlay-opacity":"","overlay-gradient":""},"mobile":{"background-color":"","background-image":"","background-repeat":"repeat","background-position":"center center","background-size":"auto","background-attachment":"scroll","background-type":"","background-media":"","overlay-type":"","overlay-color":"","overlay-opacity":"","overlay-gradient":""}},"ast-content-background-meta":{"desktop":{"background-color":"var(--ast-global-color-5)","background-image":"","background-repeat":"repeat","background-position":"center center","background-size":"auto","background-attachment":"scroll","background-type":"","background-media":"","overlay-type":"","overlay-color":"","overlay-opacity":"","overlay-gradient":""},"tablet":{"background-color":"var(--ast-global-color-5)","background-image":"","background-repeat":"repeat","background-position":"center center","background-size":"auto","background-attachment":"scroll","background-type":"","background-media":"","overlay-type":"","overlay-color":"","overlay-opacity":"","overlay-gradient":""},"mobile":{"background-color":"var(--ast-global-color-5)","background-image":"","background-repeat":"repeat","background-position":"center center","background-size":"auto","background-attachment":"scroll","background-type":"","background-media":"","overlay-type":"","overlay-color":"","overlay-opacity":"","overlay-gradient":""}},"footnotes":""},"class_list":["post-5422","page","type-page","status-publish","hentry"],"_links":{"self":[{"href":"https:\/\/www.jiaxuescale.com\/es\/wp-json\/wp\/v2\/pages\/5422","targetHints":{"allow":["GET"]}}],"collection":[{"href":"https:\/\/www.jiaxuescale.com\/es\/wp-json\/wp\/v2\/pages"}],"about":[{"href":"https:\/\/www.jiaxuescale.com\/es\/wp-json\/wp\/v2\/types\/page"}],"author":[{"embeddable":true,"href":"https:\/\/www.jiaxuescale.com\/es\/wp-json\/wp\/v2\/users\/1"}],"replies":[{"embeddable":true,"href":"https:\/\/www.jiaxuescale.com\/es\/wp-json\/wp\/v2\/comments?post=5422"}],"version-history":[{"count":0,"href":"https:\/\/www.jiaxuescale.com\/es\/wp-json\/wp\/v2\/pages\/5422\/revisions"}],"wp:attachment":[{"href":"https:\/\/www.jiaxuescale.com\/es\/wp-json\/wp\/v2\/media?parent=5422"}],"curies":[{"name":"wp","href":"https:\/\/api.w.org\/{rel}","templated":true}]}}