{"id":5421,"date":"2024-12-07T11:57:00","date_gmt":"2024-12-07T11:57:00","guid":{"rendered":"https:\/\/www.jiaxuescale.com\/politica-de-privacidad\/"},"modified":"2024-12-07T11:57:00","modified_gmt":"2024-12-07T11:57:00","slug":"politica-de-privacidad","status":"publish","type":"page","link":"https:\/\/www.jiaxuescale.com\/es\/politica-de-privacidad\/","title":{"rendered":"Pol\u00edtica de privacidad"},"content":{"rendered":"<p>\u00a1Bienvenido a JiaxueScale! Si visitas nuestra tienda significa que aceptas autom\u00e1ticamente todos estos t\u00e9rminos y condiciones. Por favor, lee atentamente toda la informaci\u00f3n relativa a nuestras directrices, condiciones y acuerdos. Es muy importante cuidar la informaci\u00f3n porque vivimos en una sociedad informacional y no puedes subestimar la forma en que se utilizar\u00e1 y compartir\u00e1 la informaci\u00f3n. La confianza es la piedra angular de la amistad y agradecemos tu decisi\u00f3n de elegir nuestra tienda. Te damos pleno acceso a diferentes tipos de informaci\u00f3n relativa a tu cuenta. Adem\u00e1s, ten en cuenta que nuestro sitio web contiene numerosas marcas registradas que pueden pertenecer tanto a nuestra empresa como a empresas de terceros. El uso de logotipos, iconos y nombres de servicios est\u00e1 prohibido de cualquier forma que pueda causar confusi\u00f3n entre nuestros clientes y se considerar\u00e1 una violaci\u00f3n de la ley de derechos de autor. Nos reservamos el derecho a realizar cambios en estos t\u00e9rminos y condiciones en cualquier momento sin notificaci\u00f3n previa. Al utilizar este sitio web, aceptas los t\u00e9rminos de la versi\u00f3n m\u00e1s reciente de esta Pol\u00edtica de Privacidad. Lee nuestras Condiciones de uso para comprender las normas generales sobre el uso de este sitio web. A excepci\u00f3n de lo escrito en cualquier otra renuncia de responsabilidad, pol\u00edtica, Condiciones de uso u otros avisos de este sitio web, esta Pol\u00edtica de privacidad y las Condiciones de uso son el acuerdo completo entre t\u00fa y JiaxueScale.com con respecto a tu uso de este sitio web. Puedes estar sujeto a condiciones adicionales que pueden aplicarse cuando accedes a servicios o materiales concretos en determinadas \u00e1reas de este sitio web, o siguiendo un enlace de este sitio web.  <\/p>\n<h3>Introducci\u00f3n<\/h3>\n<p>La informaci\u00f3n que recibimos, y c\u00f3mo la utilizamos, depende de lo que hagas al visitar nuestro sitio web. Recogemos y utilizamos tu informaci\u00f3n no personal (informaci\u00f3n que no te identifica personalmente) de forma diferente a tu informaci\u00f3n personal. \u00bfQu\u00e9 es la informaci\u00f3n no personal? La informaci\u00f3n no personal es la informaci\u00f3n que recogemos a trav\u00e9s de este sitio web y que no nos identifica como persona individual. Puede incluir informaci\u00f3n como la siguiente <\/p>\n<ul>\n<li>el tipo de navegador web que utilizas (por ejemplo, Netscape Navigator o Internet Explorer)<\/li>\n<li>el nombre del dominio desde el que accedes a Internet<\/li>\n<li>la direcci\u00f3n de Internet del sitio web desde el que enlazaste directamente con nuestro sitio web<\/li>\n<li>la fecha y hora en que accedes a nuestro sitio web<\/li>\n<li>qu\u00e9 p\u00e1ginas has visitado en nuestro sitio web<\/li>\n<li>los t\u00e9rminos de b\u00fasqueda que utilizas<\/li>\n<li>los enlaces en los que haces clic<\/li>\n<li>informaci\u00f3n personal que se ha convertido en no personal o anonimizada (es decir, informaci\u00f3n que ya no refleja o hace referencia a un usuario identificable individualmente)<\/li>\n<\/ul>\n<p>Si visitas nuestro sitio web para leer o descargar informaci\u00f3n, como informaci\u00f3n sobre un problema de salud o sobre uno de nuestros productos, podemos recopilar cierta informaci\u00f3n no personal sobre ti a trav\u00e9s de tu ordenador. Esta informaci\u00f3n se recoge del navegador web de tu ordenador: Si s\u00f3lo lees o descargas informaci\u00f3n de nuestro sitio web, no recopilamos ni conocemos tu nombre, direcci\u00f3n de correo electr\u00f3nico, domicilio u otra informaci\u00f3n personal sobre ti. Podemos colocar un archivo de texto llamado cookie en los archivos del navegador de tu ordenador cuando nos visites. La cookie puede almacenarse en el disco duro de tu ordenador. La informaci\u00f3n que recopilamos utilizando cookies es informaci\u00f3n no personal. Siempre eres libre de rechazar nuestras cookies si tu navegador lo permite, pero algunas partes de nuestro sitio web pueden no funcionar correctamente para ti si lo haces. No permitimos que terceros distintos de las empresas que contratamos para realizar servicios o funciones en nuestro nombre coloquen cookies en nuestro sitio web.      <\/p>\n<h3>\u00bfQu\u00e9 hace JiaxueScale.com con la informaci\u00f3n no personal?<\/h3>\n<p>Dado que la informaci\u00f3n no personal no puede identificarte ni vincularse a ti de ninguna manera, no existen restricciones sobre las formas en que podemos utilizar o compartir la informaci\u00f3n no personal. Siempre estamos buscando formas de servirte mejor y de mejorar este sitio web. Utilizaremos tu informaci\u00f3n no personal para ayudarnos a hacer este sitio web m\u00e1s \u00fatil para los visitantes. Tambi\u00e9n utilizaremos informaci\u00f3n no personal para otros fines empresariales. Por ejemplo, podemos utilizar informaci\u00f3n no personal o informaci\u00f3n no personal agregada para:    <\/p>\n<ul>\n<li>crear informes de uso interno para desarrollar programas, productos, servicios o contenidos<\/li>\n<li>personalizar la informaci\u00f3n o los servicios que te interesan<\/li>\n<li>Compartirla o venderla a terceros<\/li>\n<li>proporcionar \u00abestad\u00edsticas de tr\u00e1fico\u00bb e \u00ab\u00edndices de respuesta\u00bb agregados a terceros<\/li>\n<\/ul>\n<h3>\u00bfQu\u00e9 es la informaci\u00f3n personal?<\/h3>\n<p>La informaci\u00f3n personal es la informaci\u00f3n que recopilamos a trav\u00e9s de este sitio web y que podemos utilizar para identificarte espec\u00edficamente, como tu:<\/p>\n<ul>\n<li>nombre<\/li>\n<li>n\u00famero de tel\u00e9fono<\/li>\n<li>direcci\u00f3n de correo electr\u00f3nico<\/li>\n<li>n\u00famero de serie del dispositivo m\u00e9dico<\/li>\n<li>informaci\u00f3n sanitaria personal<\/li>\n<li>fecha de nacimiento<\/li>\n<\/ul>\n<p>En algunos lugares de este sitio web, tienes la oportunidad de enviarnos informaci\u00f3n personal sobre ti, elegir recibir informaci\u00f3n concreta o participar en una actividad. Por ejemplo, puedes rellenar un formulario de registro, una encuesta o un formulario de correo electr\u00f3nico, y puedes optar por recibir material educativo sobre nuestros productos y terapias. Tambi\u00e9n puedes optar por permitirnos personalizar tus visitas al sitio web, en cuyo caso te pediremos determinada informaci\u00f3n personal para que tus visitas a nuestro sitio web te resulten m\u00e1s \u00fatiles. Cuando esta informaci\u00f3n se combina con la informaci\u00f3n no personal que recopilamos a trav\u00e9s de las cookies (descritas anteriormente), podremos saber que has visitado nuestro sitio web anteriormente y podremos personalizar tu acceso a nuestro sitio web, por ejemplo, inform\u00e1ndote sobre nuevas funciones que puedan ser de tu inter\u00e9s. <\/p>\n<h3>\u00bfC\u00f3mo conserva y utiliza JiaxueScale.com la informaci\u00f3n personal?<\/h3>\n<p>Podemos conservar y utilizar la informaci\u00f3n personal que recopilamos de ti a trav\u00e9s de este sitio web para proporcionarte acceso al mismo. Adem\u00e1s, podemos conservar y utilizar tu informaci\u00f3n personal: <\/p>\n<ul>\n<li>responder a tus solicitudes<\/li>\n<li>para personalizar tu acceso a nuestro sitio web, por ejemplo, inform\u00e1ndote sobre nuevas funciones que puedan ser de tu inter\u00e9s<\/li>\n<li>elaborar registros, incluidos los registros de tu informaci\u00f3n personal<\/li>\n<li>para ponernos en contacto contigo con informaci\u00f3n que pueda ser de tu inter\u00e9s, incluida informaci\u00f3n sobre ensayos cl\u00ednicos y sobre productos y servicios nuestros y de terceros<\/li>\n<li>con fines anal\u00edticos y para investigar, desarrollar y mejorar programas, productos, servicios y contenidos<\/li>\n<li>eliminar tus identificadores personales (tu nombre, direcci\u00f3n de correo electr\u00f3nico, n\u00famero de la seguridad social, etc.). En este caso, ya no se te identificar\u00eda como un individuo \u00fanico. Una vez que hemos desidentificado la informaci\u00f3n, se trata de informaci\u00f3n no personal y podemos tratarla como cualquier otra informaci\u00f3n no personal.  <\/li>\n<li>para hacer cumplir esta Declaraci\u00f3n de Privacidad y otras normas sobre tu uso de este sitio web<\/li>\n<li>para proteger nuestros derechos o propiedad<\/li>\n<li>para proteger la salud, la seguridad o el bienestar de alguien<\/li>\n<li>para cumplir una ley o reglamento, una orden judicial u otros procesos legales<\/li>\n<\/ul>\n<p>No disponemos de un m\u00e9todo para revisar la informaci\u00f3n personal o no personal recogida a trav\u00e9s de este sitio.<\/p>\n<h3>\u00bfComparte JiaxueScale.com informaci\u00f3n personal con terceros?<\/h3>\n<p>JiaxueScale.com no compartir\u00e1 tu informaci\u00f3n personal recopilada en este sitio web con terceros no relacionados sin tu permiso, salvo que se indique lo contrario en esta Declaraci\u00f3n de privacidad. En el curso ordinario de los negocios, podemos compartir algunos datos personales con empresas que contratamos para realizar servicios o funciones en nuestro nombre. En todos los casos en los que compartamos tu informaci\u00f3n personal con un tercero, no le autorizaremos a conservar, divulgar o utilizar tu informaci\u00f3n con otros, excepto con el fin de prestar los servicios que le hayamos solicitado. No venderemos, intercambiaremos ni publicaremos tu informaci\u00f3n personal, excepto en relaci\u00f3n con una venta, fusi\u00f3n, disoluci\u00f3n o adquisici\u00f3n empresarial. Podemos vernos legalmente obligados a revelar tu informaci\u00f3n personal en respuesta a una orden judicial, citaci\u00f3n, orden de registro, ley o reglamento. Podemos cooperar con las autoridades policiales en la investigaci\u00f3n y persecuci\u00f3n de los visitantes del sitio web que infrinjan nuestras normas o tengan un comportamiento perjudicial para otros visitantes (o ilegal).<\/p>\n<h3>\u00bfQu\u00e9 pasa con la privacidad en otros sitios web?<\/h3>\n<p>Este sitio web puede contener enlaces a otros sitios web. Algunos de esos sitios web pueden estar gestionados por JiaxueScale, y otros pueden estar gestionados por terceros. Proporcionamos los enlaces para tu comodidad, pero no revisamos, controlamos ni supervisamos las pr\u00e1cticas de privacidad de los sitios web gestionados por terceros. Esta Declaraci\u00f3n de Privacidad no se aplica a ning\u00fan otro sitio web, ni siquiera a los otros sitios web de JiaxueScale.com. No somos responsables del funcionamiento de los sitios web gestionados por terceros ni de tus relaciones comerciales con ellos. Por lo tanto, siempre que salgas de este sitio web te recomendamos que revises las pr\u00e1cticas de privacidad de cada sitio web y saques tus propias conclusiones sobre la idoneidad de dichas pr\u00e1cticas.     <\/p>\n<h3>\u00bfSe comunica alguna vez JiaxueScale.com directamente con los visitantes de este sitio web?<\/h3>\n<p>Podemos ponernos en contacto contigo peri\u00f3dicamente por correo electr\u00f3nico, correo postal o tel\u00e9fono, si aceptas dicho contacto, para proporcionarte informaci\u00f3n sobre programas, productos, servicios y contenidos que puedan ser de tu inter\u00e9s. Adem\u00e1s, algunas de las funciones de este sitio web te permiten comunicarte con nosotros mediante un formulario en l\u00ednea. Si tu comunicaci\u00f3n requiere una respuesta por nuestra parte, te enviaremos una respuesta por correo electr\u00f3nico. La respuesta o confirmaci\u00f3n por correo electr\u00f3nico puede incluir tus datos personales, incluyendo informaci\u00f3n personal sobre tu salud, tu nombre, direcci\u00f3n, etc. No podemos garantizar que los correos electr\u00f3nicos que te enviemos est\u00e9n a salvo de interceptaciones no autorizadas.    <\/p>\n<h3>\u00bfY la seguridad del sitio web?<\/h3>\n<p>La seguridad es muy importante para nosotros. Tambi\u00e9n entendemos que la seguridad es importante para ti. Tomamos medidas razonables para proteger tu informaci\u00f3n personal de p\u00e9rdidas, uso indebido y acceso no autorizado, divulgaci\u00f3n, alteraci\u00f3n o destrucci\u00f3n. Debes tener en cuenta que ninguna transmisi\u00f3n por Internet es 100% segura o est\u00e1 libre de errores. En particular, el correo electr\u00f3nico enviado a o desde este sitio puede no ser seguro, por lo que debes tener especial cuidado al decidir qu\u00e9 informaci\u00f3n nos env\u00edas por correo electr\u00f3nico.    <\/p>\n","protected":false},"excerpt":{"rendered":"<p>\u00a1Bienvenido a JiaxueScale! Si visitas nuestra tienda significa que aceptas autom\u00e1ticamente todos estos t\u00e9rminos y condiciones. Por favor, lee atentamente toda la informaci\u00f3n relativa a nuestras directrices, condiciones y acuerdos. Es muy importante cuidar la [&hellip;]<\/p>\n","protected":false},"author":1,"featured_media":0,"parent":0,"menu_order":0,"comment_status":"closed","ping_status":"closed","template":"","meta":{"site-sidebar-layout":"default","site-content-layout":"","ast-site-content-layout":"default","site-content-style":"default","site-sidebar-style":"default","ast-global-header-display":"","ast-banner-title-visibility":"","ast-main-header-display":"","ast-hfb-above-header-display":"","ast-hfb-below-header-display":"","ast-hfb-mobile-header-display":"","site-post-title":"","ast-breadcrumbs-content":"","ast-featured-img":"","footer-sml-layout":"","ast-disable-related-posts":"","theme-transparent-header-meta":"default","adv-header-id-meta":"","stick-header-meta":"default","header-above-stick-meta":"","header-main-stick-meta":"","header-below-stick-meta":"","astra-migrate-meta-layouts":"default","ast-page-background-enabled":"default","ast-page-background-meta":{"desktop":{"background-color":"","background-image":"","background-repeat":"repeat","background-position":"center center","background-size":"auto","background-attachment":"scroll","background-type":"","background-media":"","overlay-type":"","overlay-color":"","overlay-opacity":"","overlay-gradient":""},"tablet":{"background-color":"","background-image":"","background-repeat":"repeat","background-position":"center center","background-size":"auto","background-attachment":"scroll","background-type":"","background-media":"","overlay-type":"","overlay-color":"","overlay-opacity":"","overlay-gradient":""},"mobile":{"background-color":"","background-image":"","background-repeat":"repeat","background-position":"center center","background-size":"auto","background-attachment":"scroll","background-type":"","background-media":"","overlay-type":"","overlay-color":"","overlay-opacity":"","overlay-gradient":""}},"ast-content-background-meta":{"desktop":{"background-color":"var(--ast-global-color-5)","background-image":"","background-repeat":"repeat","background-position":"center center","background-size":"auto","background-attachment":"scroll","background-type":"","background-media":"","overlay-type":"","overlay-color":"","overlay-opacity":"","overlay-gradient":""},"tablet":{"background-color":"var(--ast-global-color-5)","background-image":"","background-repeat":"repeat","background-position":"center center","background-size":"auto","background-attachment":"scroll","background-type":"","background-media":"","overlay-type":"","overlay-color":"","overlay-opacity":"","overlay-gradient":""},"mobile":{"background-color":"var(--ast-global-color-5)","background-image":"","background-repeat":"repeat","background-position":"center center","background-size":"auto","background-attachment":"scroll","background-type":"","background-media":"","overlay-type":"","overlay-color":"","overlay-opacity":"","overlay-gradient":""}},"footnotes":""},"class_list":["post-5421","page","type-page","status-publish","hentry"],"_links":{"self":[{"href":"https:\/\/www.jiaxuescale.com\/es\/wp-json\/wp\/v2\/pages\/5421","targetHints":{"allow":["GET"]}}],"collection":[{"href":"https:\/\/www.jiaxuescale.com\/es\/wp-json\/wp\/v2\/pages"}],"about":[{"href":"https:\/\/www.jiaxuescale.com\/es\/wp-json\/wp\/v2\/types\/page"}],"author":[{"embeddable":true,"href":"https:\/\/www.jiaxuescale.com\/es\/wp-json\/wp\/v2\/users\/1"}],"replies":[{"embeddable":true,"href":"https:\/\/www.jiaxuescale.com\/es\/wp-json\/wp\/v2\/comments?post=5421"}],"version-history":[{"count":0,"href":"https:\/\/www.jiaxuescale.com\/es\/wp-json\/wp\/v2\/pages\/5421\/revisions"}],"wp:attachment":[{"href":"https:\/\/www.jiaxuescale.com\/es\/wp-json\/wp\/v2\/media?parent=5421"}],"curies":[{"name":"wp","href":"https:\/\/api.w.org\/{rel}","templated":true}]}}